{"id":407,"date":"2017-04-14T15:57:58","date_gmt":"2017-04-14T13:57:58","guid":{"rendered":"http:\/\/kuetz.deneb.uberspace.de\/wordpress\/shop\/"},"modified":"2019-08-09T15:14:07","modified_gmt":"2019-08-09T13:14:07","slug":"shop","status":"publish","type":"page","link":"https:\/\/kuetzberg.net\/wordpress\/","title":{"rendered":"Yoyo-Shop"},"content":{"rendered":"<h5>Dieser Yoyo-Shop <del datetime=\"2019-07-26T13:05:34+00:00\">sollte eigentlich gar keiner werden <\/del> ist keiner mehr&#8230;<\/h5>\n<p><img loading=\"lazy\" decoding=\"async\" src=\"https:\/\/kuetzberg.net\/wordpress\/wp-content\/uploads\/2019\/07\/board-895399_960_720-300x188.jpg\" alt=\"\" width=\"300\" height=\"188\" class=\"alignright size-medium wp-image-1323\" srcset=\"https:\/\/kuetzberg.net\/wordpress\/wp-content\/uploads\/2019\/07\/board-895399_960_720-300x188.jpg 300w, https:\/\/kuetzberg.net\/wordpress\/wp-content\/uploads\/2019\/07\/board-895399_960_720-768x481.jpg 768w, https:\/\/kuetzberg.net\/wordpress\/wp-content\/uploads\/2019\/07\/board-895399_960_720.jpg 960w\" sizes=\"(max-width: 300px) 100vw, 300px\" \/>In den letzten drei Jahren habe ich im Yoyo-Shop K\u00fctzberg Yoyos von Yoyofactory verkauft. Dank einiger Neuregelungen (z.B. der Verpackungsverordnung) und anderer organisatorischer \u00c4nderungen hier vor Ort muss der Yoyo-Shop leider ab sofort schlie\u00dfen. Einige wenige Restbest\u00e4nde biete ich noch <a href=\"https:\/\/www.ebay.de\/usr\/hodihu\">bei ebay<\/a> an, aber viel ist&#8217;s nicht mehr.<br \/>\nDanke an alle, die bei mir nicht nur bestellt sondern auch nachgefragt, gelobt und verbessert haben &#8211; hat Spa\u00df gemacht! <\/p>\n<h4>Responsiv vs. Unresponsiv<\/h4>\n<p>Die Yoyo-Kaufberatungs-Beitr\u00e4ge bleiben erstmal online, sodass sich Einsteiger auch weiterhin z.B. \u00fcber die <a href=\"https:\/\/kuetzberg.net\/wordpress\/responsiv-vs-unresponsiv\/\">grunds\u00e4tzlichen Unterschiede von Yoyos mit und ohne Response<\/a> informieren k\u00f6nnen! Anf\u00e4nger werfen vielleicht gleich einen Blick auf auf die grundlegende <a href=\"https:\/\/kuetzberg.net\/wordpress\/2018\/einsteiger-und-profi-yoyo\/\">Yoyo-Kaufberatung<\/a>.<\/p>\n<h4>Weiter im Blog&#8230;<\/h4>\n<p>In Zukunft wird hier wieder der &#8217;normale&#8216; <a href=\"https:\/\/kuetzberg.net\/wordpress\/blog\/\">Privatblog<\/a> von mir Einzug halten. Neben Yoyo-News- und Infos werden vermehrt auch Garten, Kinder, Bienen, Schule und was-wei\u00df-ich-noch Thema sein. Schau&#8216; mer ma&#8217;&#8230;<\/p>\n","protected":false},"excerpt":{"rendered":"<p>Dieser Yoyo-Shop sollte eigentlich gar keiner werden ist keiner mehr&#8230; In den letzten drei Jahren habe ich im Yoyo-Shop K\u00fctzberg Yoyos von Yoyofactory verkauft. Dank einiger Neuregelungen (z.B. der Verpackungsverordnung) und anderer organisatorischer \u00c4nderungen hier vor Ort muss der Yoyo-Shop leider ab sofort schlie\u00dfen. Einige wenige Restbest\u00e4nde biete ich noch bei ebay an, aber viel [&hellip;]<\/p>\n","protected":false},"author":1,"featured_media":0,"parent":0,"menu_order":0,"comment_status":"closed","ping_status":"closed","template":"","meta":{"footnotes":""},"_links":{"self":[{"href":"https:\/\/kuetzberg.net\/wordpress\/wp-json\/wp\/v2\/pages\/407"}],"collection":[{"href":"https:\/\/kuetzberg.net\/wordpress\/wp-json\/wp\/v2\/pages"}],"about":[{"href":"https:\/\/kuetzberg.net\/wordpress\/wp-json\/wp\/v2\/types\/page"}],"author":[{"embeddable":true,"href":"https:\/\/kuetzberg.net\/wordpress\/wp-json\/wp\/v2\/users\/1"}],"replies":[{"embeddable":true,"href":"https:\/\/kuetzberg.net\/wordpress\/wp-json\/wp\/v2\/comments?post=407"}],"version-history":[{"count":34,"href":"https:\/\/kuetzberg.net\/wordpress\/wp-json\/wp\/v2\/pages\/407\/revisions"}],"predecessor-version":[{"id":1342,"href":"https:\/\/kuetzberg.net\/wordpress\/wp-json\/wp\/v2\/pages\/407\/revisions\/1342"}],"wp:attachment":[{"href":"https:\/\/kuetzberg.net\/wordpress\/wp-json\/wp\/v2\/media?parent=407"}],"curies":[{"name":"wp","href":"https:\/\/api.w.org\/{rel}","templated":true}]}}