{"id":415,"date":"2017-04-14T16:04:07","date_gmt":"2017-04-14T14:04:07","guid":{"rendered":"http:\/\/kuetz.deneb.uberspace.de\/wordpress\/datenschutzbelehrung\/"},"modified":"2017-05-10T15:29:22","modified_gmt":"2017-05-10T13:29:22","slug":"datenschutzbelehrung","status":"publish","type":"page","link":"https:\/\/kuetzberg.net\/wordpress\/datenschutzbelehrung\/","title":{"rendered":"Datenschutzbelehrung"},"content":{"rendered":"<p><strong>Datenschutz<\/strong><br \/>\nSofern innerhalb des Internetangebotes die M\u00f6glichkeit zur Eingabe pers\u00f6nlicher oder gesch\u00e4ftlicher Daten (Emailadressen, Namen, Anschriften) besteht, so erfolgt die Preisgabe dieser Daten seitens des Nutzers auf ausdr\u00fccklich freiwilliger Basis. Die Inanspruchnahme und Bezahlung aller angebotenen Dienste ist \u2013 soweit technisch m\u00f6glich und zumutbar \u2013 auch ohne Angabe solcher Daten bzw. unter Angabe anonymisierter Daten oder eines Pseudonyms gestattet. Die Nutzung der im Rahmen des Impressums oder vergleichbarer Angaben ver\u00f6ffentlichten Kontaktdaten wie Postanschriften, Telefon- und Faxnummern sowie Emailadressen durch Dritte zur \u00dcbersendung von nicht ausdr\u00fccklich angeforderten Informationen ist nicht gestattet. Rechtliche Schritte gegen die Versender von sogenannten Spam-Mails bei Verst\u00f6\u00dfen gegen dieses Verbot sind ausdr\u00fccklich vorbehalten.<\/p>\n<p><strong>Google Analytics &#8211; Piwik<\/strong><br \/>\nDiese Website benutzt statt Google Analytics eine Open-Source-L\u00f6sung namens <a href=\"http:\/\/piwik.org\/\">Piwik<\/a>, bei dem alle Daten auf dem eigenen Server der Lehrerrundmail liegen und nur dort ausgewertet werden. Wer trotzdem mit der Erfassung seiner Besuche bei mir nicht einverstanden ist, m\u00f6ge im folgenden Formularfeld das H\u00e4kchen entfernen. Dadurch wird ein Cookie gesetzt, das meiner Piwik-Installation das Mitloggen verbietet.<br \/>\n<iframe style=\"border: 0; height: 200px; width: 600px;\" src=\"https:\/\/lehrerrundmail.de\/piwik\/index.php?module=CoreAdminHome&#038;action=optOut&#038;language=de\"><\/iframe><\/p>\n","protected":false},"excerpt":{"rendered":"<p>Datenschutz Sofern innerhalb des Internetangebotes die M\u00f6glichkeit zur Eingabe pers\u00f6nlicher oder gesch\u00e4ftlicher Daten (Emailadressen, Namen, Anschriften) besteht, so erfolgt die Preisgabe dieser Daten seitens des Nutzers auf ausdr\u00fccklich freiwilliger Basis. Die Inanspruchnahme und Bezahlung aller angebotenen Dienste ist \u2013 soweit technisch m\u00f6glich und zumutbar \u2013 auch ohne Angabe solcher Daten bzw. unter Angabe anonymisierter Daten [&hellip;]<\/p>\n","protected":false},"author":1,"featured_media":0,"parent":0,"menu_order":0,"comment_status":"closed","ping_status":"closed","template":"","meta":{"footnotes":""},"_links":{"self":[{"href":"https:\/\/kuetzberg.net\/wordpress\/wp-json\/wp\/v2\/pages\/415"}],"collection":[{"href":"https:\/\/kuetzberg.net\/wordpress\/wp-json\/wp\/v2\/pages"}],"about":[{"href":"https:\/\/kuetzberg.net\/wordpress\/wp-json\/wp\/v2\/types\/page"}],"author":[{"embeddable":true,"href":"https:\/\/kuetzberg.net\/wordpress\/wp-json\/wp\/v2\/users\/1"}],"replies":[{"embeddable":true,"href":"https:\/\/kuetzberg.net\/wordpress\/wp-json\/wp\/v2\/comments?post=415"}],"version-history":[{"count":4,"href":"https:\/\/kuetzberg.net\/wordpress\/wp-json\/wp\/v2\/pages\/415\/revisions"}],"predecessor-version":[{"id":505,"href":"https:\/\/kuetzberg.net\/wordpress\/wp-json\/wp\/v2\/pages\/415\/revisions\/505"}],"wp:attachment":[{"href":"https:\/\/kuetzberg.net\/wordpress\/wp-json\/wp\/v2\/media?parent=415"}],"curies":[{"name":"wp","href":"https:\/\/api.w.org\/{rel}","templated":true}]}}