{"id":417,"date":"2017-04-14T16:04:07","date_gmt":"2017-04-14T14:04:07","guid":{"rendered":"http:\/\/kuetz.deneb.uberspace.de\/wordpress\/agb\/"},"modified":"2017-10-10T17:57:57","modified_gmt":"2017-10-10T15:57:57","slug":"agb","status":"publish","type":"page","link":"https:\/\/kuetzberg.net\/wordpress\/agb\/","title":{"rendered":"AGB"},"content":{"rendered":"<h2>AGB und wichtige Kundeninformationen<\/h2>\n<blockquote>\n<div align=\"justify\">\n<p>Allgemeine Gesch\u00e4ftsbedingungen<\/p>\n<p><strong>1. Geltungsbereich:<\/strong><br \/>\nAlle Lieferungen und Leistungen erfolgen ausschlie\u00dflich auf der Grundlage dieser Allgemeinen Gesch\u00e4ftsbedingungen.<br \/>\nVon diesen Bedingungen abweichende Regelungen, insbesondere Allgemeine Gesch\u00e4ftsbedingungen des K\u00e4ufers oder Lieferanten werden nur durch eine ausdr\u00fcckliche und schriftliche Best\u00e4tigung wirksam.<\/p>\n<p><strong>2. Vertragsabschlu\u00df:<\/strong><br \/>\nUnsere Angebote sind unverbindlich. Durch Abgabe der vollst\u00e4ndigen Bestellung im Shop gibt der Kunde sein Angebot ab. Die Annahme erfolgt durch eine Best\u00e4tigung der Bestellung per e-mail. Der Vertrag kommt auch durch die Lieferung der bestellten Ware zustande. Bei Erwerb im Rahmen von Internet-Versteigerungen oder Festpreis- oder Sofortverk\u00e4ufen \u00fcber Internet-Plattformen (z.B. ebay) kommt der Vertrag entsprechend den Bedingungen der Internet- Anbieter zustande; der Vertragschluss geschieht insoweit durch Anklicken der entsprechenden Schaltfl\u00e4che (z.B. &#8222;Sofort Kaufen oder Abgabe eines Gebotes&#8220;) und Best\u00e4tigung des Vorgangs mit dem Passwort.<\/p>\n<p><strong>3. Lieferung:<\/strong><br \/>\nFalls nicht anders vereinbart, erfolgt die Lieferung an die vom K\u00e4ufer angegebene Lieferadresse. Die Gefahr geht auf den K\u00e4ufer \u00fcber, sobald die Lieferung der zur Ausf\u00fchrung der Versendung bestimmten Transportperson \u00fcbergeben wurde. Angaben \u00fcber die Lieferzeiten und Liefertermine sind unverbindlich, soweit ein Liefertermin verbindlich schriftlich oder per e-mail zugesagt wurde. Wir sind bem\u00fcht, die Lieferzeiten so kurz wie m\u00f6glich zu halten. Bei Eintreten von Umst\u00e4nden, die wir nicht zu vertreten haben, insbesondere bei h\u00f6herer Gewalt, steht es uns frei, die Lieferung f\u00fcr die Zeit der Behinderung zu verschieben oder von dem Vertrag ganz oder teilweise zur\u00fcckzutreten. Schadenersatzanspr\u00fcche wegen nicht rechtzeitiger Lieferung &#8211; au\u00dfer im Fall von Vorsatz oder grober Fahrl\u00e4ssigkeit- oder Nichtlieferung im Falle h\u00f6herer Gewalt sind ausgeschlossen. Die auf den Internetseiten, in Prospekten oder anderen Unterlagen enthaltenen produktbeschreibenden Angaben wie Abbildungen, Zeichnungen, Beschreibungen, Ma\u00df- und Gewichtsdaten sind freibleibend, soweit sie nicht ausdr\u00fccklich als verbindlich bezeichnet werden. Alle Angebote gelten nur so lange der Vorrat reicht, bzw. eine Nachbestellung erfolgen kann. Ist ein Artikel nicht mehr verf\u00fcgbar, so wird der K\u00e4ufer dar\u00fcber schnellstm\u00f6glich informiert. Wir sind berechtigt, qualitativ und mengenm\u00e4\u00dfig gleichwertige Ware anzubieten oder vom Vertrag zur\u00fcckzutreten. Geleistete (An-) Zahlungen werden unverz\u00fcglich zur\u00fcck erstattet. Es gilt ausdr\u00fccklich vereinbart, dass wir zu Teillieferungen berechtigt sind. Transport- und alle sonstigen Verpackungen nach Ma\u00dfgabe der Verpackungsordnung werden von uns nicht zur\u00fcckgenommen. Der K\u00e4ufer ist verpflichtet, die Verpackung auf eigene Kosten zu entsorgen.<\/p>\n<p><strong>4. Preise:<\/strong><br \/>\nDie ausgewiesenen Preise verstehen sich stets exklusive der jeweils g\u00fcltigen MwSt. ohne Nebenleistungen gem\u00e4\u00df \u00a7 19 UStG (Kleingewerbe). Nach Vertragsabschlu\u00df eintretende Erh\u00f6hungen von Z\u00f6llen, Steuern und anderen Abgaben gehen zu Lasten des K\u00e4ufers, es sei denn, er ist Verbraucher i. S. d. \u00a7 13 BGB. Druckfehler und Irrt\u00fcmer sind bei allen im Internet oder anderen medienver\u00f6ffentlichten Angaben vorbehalten. Transport &#8211; und Verpackungskosten werden gesondert in Rechnung gestellt. Wir sind berechtigt, nicht jedoch verpflichtet, die Ware auf Kosten des K\u00e4ufers zu versichern. Mit dem Erscheinen einer neuen Preisliste sind alle vorherigen Preislisten ung\u00fcltig.<\/p>\n<p><strong>5. F\u00e4lligkeit, Verzug und Zahlung:<\/strong><br \/>\nDer Kaufpreis ist, sofern nichts anderes vereinbart wird, grunds\u00e4tzlich im Voraus zu bezahlen. Dies gilt auch f\u00fcr Beh\u00f6rden, Krankenh\u00e4user und juristische Personen des \u00f6ffentlichen Rechts, sofern nichts anderes vereinbart wird. Kommt der K\u00e4ufer in Zahlungsverzug, so sind wir berechtigt, Verzugszinsen in H\u00f6he von 5% \u00fcber dem jeweiligen Basiszins zu fordern. Die Geltendmachung eines weitergehenden Verzugsschaden bleibt ausdr\u00fccklich vorbehalten. Kommt der K\u00e4ufer mit der Zahlung einer Rechnung in Verzug, werden ungeachtet der Hereinnahme von Wechseln oder Schecks die \u00fcbrigen Forderungen aus der Gesch\u00e4ftsverbindung sofort f\u00e4llig. Ferner sind wir berechtigt, vor der Ausf\u00fchrung weiterer Lieferungen Vorkasse zu verlangen. Das gleiche Rechts steht uns im Falle drohender Zahlungsunf\u00e4higkeit zu, insbesondere bei Bekannt werden von Zwangsvollstreckungsma\u00dfnahmen, Einleitung eines Insolvenzverfahren, Scheck- oder Wechselprotesten. Wechsel und Schecks werden nur erf\u00fcllungshalber entgegengenommen und gelten erst dann als Zahlung, wenn diese eingel\u00f6st sind. Wechselspesen gehen zu Lasten des K\u00e4ufers. Die Zahlung per Wechsel bedarf unserer ausdr\u00fccklichen Zustimmung. Ein Zur\u00fcckbehaltungsrecht steht dem K\u00e4ufer nur zu, soweit es auf demselben Vertragsverh\u00e4ltnis beruht. Der K\u00e4ufer kann nur mit Gegenforderungen aufrechnen, die entweder unbestritten oder rechtskr\u00e4ftig festgestellt oder von uns anerkannt sind.<\/p>\n<p><strong>6. M\u00e4ngelgew\u00e4hrleistung und Haftung:<\/strong><br \/>\nIm Falle eines von von uns zu vertretenden Sachmangels oder des Fehlens einer zugesicherten Eigenschaft sind wir nach eigener Wahl zur M\u00e4ngelbeseitigung oder Ersatzlieferung berechtigt. Der K\u00e4ufer ist bei Fehlschlagen der Nachbesserung oder Ersatzlieferung berechtigt, nach seiner Wahl vom Vertrag zur\u00fcckzutreten oder eine entsprechende Minderung des Kaufpreises zu verlangen. Wir \u00fcbernehmen keine Gew\u00e4hrleistung f\u00fcr M\u00e4ngel oder Sch\u00e4den, die aus unsachgem\u00e4\u00dfer Verwendung, Nichtbeachtung von Pflegehinweisen oder fehlerhafter Behandlung der Kaufsache entstanden sind. Offensichtliche M\u00e4ngel der Ware (insb. Transportsch\u00e4den), sind unverz\u00fcglich, sp\u00e4testens jedoch innerhalb von 7 Tagen nach Lieferung der Ware durch den K\u00e4ufer mitzuteilen. Nach Ablauf der vorgenannten Frist sind Gew\u00e4hrleistungsanspr\u00fcche des K\u00e4ufers wegen eines offensichtlichen Mangels der Kaufsache ausgeschlossen. Unbeschadet der gesetzlichen Gew\u00e4hrleistungsrechte gew\u00e4hren wir auf alle elektrischen und mechanischen Teile ein Jahr Garantie. Die Garantie erstreckt sich auf einen Austausch der defekten gegen funktionsf\u00e4higen Teile, umfasst jedoch nicht die Kosten f\u00fcr die aufgewendete Arbeits-und Fahrtzeit. Die Garantiefrist beginnt mit der Auslieferung der Ware an den K\u00e4ufer. Anspr\u00fcche aus der Garantie sind ausgeschlossen, sofern der Fehler auf eine unsachgem\u00e4\u00dfe Inbetriebnahme oder Behandlung des Ger\u00e4tes beruht. Weitergehende Anspr\u00fcche des K\u00e4ufers -gleich aus welchem Rechtsgrund- sind ausgeschlossen. Wir haften nicht f\u00fcr Sch\u00e4den, die nicht am Kaufgegenstand selbst entstanden sind. Insbesondere haften wir nicht f\u00fcr entgangenen Gewinn oder sonstige Verm\u00f6genssch\u00e4den des K\u00e4ufers. Vorstehende Haftungsbeschr\u00e4nkung gilt nicht, soweit die Schadensverursachung auf Vorsatz oder grober Fahrl\u00e4ssigkeit von uns beruht. Handels\u00fcbliche oder technisch nicht vermeidbare und geringe Abweichungen in Qualit\u00e4t, Farbe, Abmessungen, Ausstattung und Gewicht gelten als vertragsgem\u00e4\u00dfe Lieferung und berechtigen nicht zu M\u00e4ngelr\u00fcgen.<\/p>\n<p><strong>7. Eigentumsvorbehalt:<\/strong><br \/>\nBis zur vollst\u00e4ndigen Bezahlung des Kaufpreises, sowie aller seitens von uns gegen den K\u00e4ufer bestehenden Anspr\u00fcche verbleibt die gelieferte Ware im Eigentum von uns. Vor dem \u00dcbergang des Eigentums auf den K\u00e4ufer ist die Verpf\u00e4ndung, Ver\u00e4u\u00dferung oder Sicherungs\u00fcbereignung der Ware durch den K\u00e4ufer versagt. Eine Weiterver\u00e4u\u00dferung ist ihm nur im Rahmen eines ordnungsgem\u00e4\u00dfen Gesch\u00e4ftsganges gestattet. F\u00fcr den Fall der Weiterver\u00e4u\u00dferung der unter Eigentumsvorbehalt gelieferten Ware tritt der K\u00e4ufer bereits jetzt seine Kaufpreisforderung einschlie\u00dflich MwSt. gegen den Erwerber in voller H\u00f6he an uns ab. Im Fall des Zahlungsverzuges des K\u00e4ufers sind wir berechtigt, die Ware wieder herauszuverlangen und jederzeit in unmittelbaren oder mittelbaren Besitz zu nehmen. Zur Aus\u00fcbung des Eigentumsvorbehalts r\u00e4umt uns der K\u00e4ufer schon jetzt einen unwiderruflich ungehinderten Zugang zu seinem Grundst\u00fcck\/Betriebsgel\u00e4nde oder Lager sowie Privathaushalt ein.<\/p>\n<p><strong>8. Datenschutz:<\/strong><br \/>\nWir verwenden Ihre Bestandsdaten ausschlie\u00dflich zur Abwicklung Ihrer Bestellung. Alle Kundendaten werden unter Beachtung der einschl\u00e4gigen Vorschriften der Bundesdatenschutzgesetze (BDSG) und des Teledienstdatenschutzgesetzes (TDDSG) von uns gespeichert und verarbeitet. Sie haben jederzeit ein Recht auf kostenlose Auskunft, Berichtigung, Sperrung und L\u00f6schung Ihrer gespeicherten Daten. Bitte wenden Sie sich an e-mail- Adresse des Shops oder senden Sie uns Ihr Verlangen per Post oder Fax. Wir geben Ihre personenbezogenen Daten einschlie\u00dflich Ihrer Haus-Adresse und E-Mail-Adresse nicht ohne Ihre ausdr\u00fcckliche und jederzeit widerrufliche Einwilligung an Dritte weiter. Ausgenommen hiervon sind unsere Dienstleistungspartner, die zur Bestellabwicklung die \u00dcbermittlung von Daten ben\u00f6tigen (z.B. das mit der Lieferung beauftragte Versandunternehmen und das mit der Zahlungsabwicklung beauftragte Kreditinstitut). In diesen F\u00e4llen beschr\u00e4nkt sich der Umfang der \u00fcbermittelten Daten jedoch nur auf das erforderliche Minimum.<\/p>\n<p><strong>9. Anwendbares Recht:<\/strong><br \/>\nEs gilt ausschlie\u00dflich das Recht der Bundesrepublik Deutschland unter Ausschluss des UN-Kaufrechts. Erf\u00fcllungsort und Gerichtsstand f\u00fcr Vollkaufleute und juristische Personen des \u00f6ffentlichen Rechts ist Schweinfurt.<\/p>\n<p><strong>10. Widerruf bei Fernabsatzvertr\u00e4gen:<\/strong><br \/>\nDie Regelungen zum Widerrufsrecht finden Sie <a href=\"https:\/\/kuetzberg.net\/wordpress\/widerrufsbelehrung\/\">auf dieser Seite<\/a>.<\/p>\n<p><strong>11. Sonstige Vereinbarungen:<br \/>\n<\/strong>Sollten einzelne Bestimmungen dieser Allgemeinen Gesch\u00e4ftsbedingungen ganz oder teilweise unwirksam sein oder werden, so wird die G\u00fcltigkeit der \u00fcbrigen Bedingungen dadurch nicht ber\u00fchrt.<\/p>\n<p><strong>12. Wichtige Hinweise:<\/strong><br \/>\nKorrektur von Eingabefehlern: Eingabefehler k\u00f6nnen stets \u00fcber den Zur\u00fcck-Knopf Ihres Browsers korrigiert werden. Kontrolle der Bestellung: Vor Absendung der Bestellung k\u00f6nnen Sie diese AGB, die wichtigen Hinweise und Ihre Bestelldaten \u00fcberpr\u00fcfen und ausdrucken; beim Erwerb \u00fcber Internet-Plattformen (z.B. ebay) erfolgt diese nach den jeweiligen Bedingungen der Betreiber der Internet-Plattform.<\/p>\n<p><strong>Wichtige Hinweise<\/strong>:<\/p>\n<p><strong>Haftungsausschluss f\u00fcr fremde Links:<\/strong><br \/>\nWir \u00fcbernehmen keine Haftung f\u00fcr Links auf andere Seiten im Internet. Wir distanzieren uns ausdr\u00fccklich vom Inhalt aller verlinkter Seiten und machen uns ihren Inhalt nicht zu Eigen.<\/p>\n<p><strong>Zeitpunkt des Vertragsschlusses:<\/strong><br \/>\nDurch Anklicken des Buttons &#8222;Jetzt bestellen&#8220; geben Sie eine verbindliche Bestellung der im Warenkorb enthaltenen Waren ab. Die Best\u00e4tigung des Eingangs der Bestellung folgt unmittelbar nach dem Absenden der Bestellung. Der Kaufvertrag kommt mit unserer Auslieferungsbest\u00e4tigung oder Lieferung der Waren zustande. Bei Bedarf k\u00f6nnen Sie sich Ihre Bestellung vor dem Absenden auch ausdrucken.<\/p>\n<\/div>\n<\/blockquote>\n<p>Siehe auch: <a href=\"https:\/\/kuetzberg.net\/wordpress\/widerrufsbelehrung\/\">Widerrufsbelehrung<\/a><\/p>\n","protected":false},"excerpt":{"rendered":"<p>AGB und wichtige Kundeninformationen Allgemeine Gesch\u00e4ftsbedingungen 1. Geltungsbereich: Alle Lieferungen und Leistungen erfolgen ausschlie\u00dflich auf der Grundlage dieser Allgemeinen Gesch\u00e4ftsbedingungen. Von diesen Bedingungen abweichende Regelungen, insbesondere Allgemeine Gesch\u00e4ftsbedingungen des K\u00e4ufers oder Lieferanten werden nur durch eine ausdr\u00fcckliche und schriftliche Best\u00e4tigung wirksam. 2. Vertragsabschlu\u00df: Unsere Angebote sind unverbindlich. Durch Abgabe der vollst\u00e4ndigen Bestellung im Shop gibt [&hellip;]<\/p>\n","protected":false},"author":1,"featured_media":0,"parent":0,"menu_order":0,"comment_status":"closed","ping_status":"closed","template":"","meta":{"footnotes":""},"_links":{"self":[{"href":"https:\/\/kuetzberg.net\/wordpress\/wp-json\/wp\/v2\/pages\/417"}],"collection":[{"href":"https:\/\/kuetzberg.net\/wordpress\/wp-json\/wp\/v2\/pages"}],"about":[{"href":"https:\/\/kuetzberg.net\/wordpress\/wp-json\/wp\/v2\/types\/page"}],"author":[{"embeddable":true,"href":"https:\/\/kuetzberg.net\/wordpress\/wp-json\/wp\/v2\/users\/1"}],"replies":[{"embeddable":true,"href":"https:\/\/kuetzberg.net\/wordpress\/wp-json\/wp\/v2\/comments?post=417"}],"version-history":[{"count":6,"href":"https:\/\/kuetzberg.net\/wordpress\/wp-json\/wp\/v2\/pages\/417\/revisions"}],"predecessor-version":[{"id":743,"href":"https:\/\/kuetzberg.net\/wordpress\/wp-json\/wp\/v2\/pages\/417\/revisions\/743"}],"wp:attachment":[{"href":"https:\/\/kuetzberg.net\/wordpress\/wp-json\/wp\/v2\/media?parent=417"}],"curies":[{"name":"wp","href":"https:\/\/api.w.org\/{rel}","templated":true}]}}