{"id":620,"date":"2017-07-10T19:56:05","date_gmt":"2017-07-10T17:56:05","guid":{"rendered":"https:\/\/kuetzberg.net\/wordpress\/?page_id=620"},"modified":"2019-11-21T15:09:18","modified_gmt":"2019-11-21T14:09:18","slug":"responsiv-vs-unresponsiv","status":"publish","type":"page","link":"https:\/\/kuetzberg.net\/wordpress\/responsiv-vs-unresponsiv\/","title":{"rendered":"Responsiv vs. Unresponsiv"},"content":{"rendered":"<h3>To bind &#8211; or not to bind<\/h3>\n<p>Gerade f\u00fcr Einsteiger sind die Bezeichnungen nicht ganz \u00fcbersichtlich. Um Fehlk\u00e4ufe zu vermeiden, hier eine Erkl\u00e4rung in aller K\u00fcrze. Alle hier angebotenen Yoyos haben Freilauf. Wenn du sie also richtig nach unten wirfst, drehen sie dort ziemlich lange weiter. Die Unterschiede liegen in der Art des Wieder-nach-oben-Kommens:<\/p>\n<ul>\n<li><strong>Responsive Yoyos<\/strong>, kommen von von selbst bzw. durch leichtes \u201aZucken\u2018 mit der Hand zur\u00fcck nach oben. Vor allem f\u00fcr Anf\u00e4nger sind Yoyos mit Response daher deutlich leichter und frustfreier zu spielen, da nicht nach jedem Fehlversuch die Schnur von Hand aufgewickelt werden muss. Der Einsatzbereich ist dabei mitnichten auf die Anf\u00e4nger beschr\u00e4nkt &#8211; auch mit Yoyos mit Response lassen sich beeindruckende Tricks zelebrieren. Und f\u00fcr unterwegs oder beim Spaziergang durch die Stadt ist es ganz nett, nicht immer zwei H\u00e4nde zu brauchen. Klassische Vertreter dieser Gattung sind zum Beispiel das <a href=\"https:\/\/amzn.to\/37pN8ey\">Velocity<\/a> (Werbelink) in Kunststoff bzw. das <a href=\"https:\/\/amzn.to\/347Zki7\">DV888<\/a> (Werbelink) in Vollmetallausf\u00fchrung.<\/li>\n<li><strong>Unresponsive Yoyos<\/strong> kehren nur mit einem speziellen Trick, dem sogenannten &#8218;Bind&#8216; wieder zur Hand zur\u00fcck. Den Bind zu lernen, kann durchaus ein paar Dutzend Versuche dauern. Daf\u00fcr \u00f6ffnen sich mit unresposiven Yoyos aber auch ungeahnte Welten an weiteren Trickm\u00f6glichkeiten. Wir empfehlen Yoyos ohne Response daher f\u00fcr fortgeschrittene Spieler, da es zum Einstieg durchaus frustig sein kann, die Yoyo-Schnur hunderte Male per Hand aufzuwickeln. Ein Einsteiger-Yoyo ohne Response ist beispielsweise das <a href=\"https:\/\/kuetzberg.net\/wordpress\/produkt\/replay-pro-yo-yo-fire-marble-von-yoyofactory\/\">Replay Pro<\/a> (Kunststoff-Yoyo mit breiter Fingerspin-Mulde), w\u00e4hrend das <a href=\"https:\/\/amzn.to\/2Oyy0CT\">Shutter<\/a> ein Beispiel f\u00fcr ein Vollmetall-Yoyo f\u00fcr den ambitionierten Yoyo-Spieler ist.<\/li>\n<\/ul>\n<p>Und weil immer wieder danach gefragt wurde, habe ich einen kleinen Artikel zur <a href=\"https:\/\/kuetzberg.net\/wordpress\/2018\/einsteiger-und-profi-yoyo\/\">Yoyo-Kaufberatung<\/a> online gestellt, der auch gut zum Thema passt.<\/p>\n<h4>Video zum Bind<\/h4>\n<p>Dave Geigle (der \u00fcbrigens selbst auch <a href=\"https:\/\/www.yo-shop.de\/iYoYo-2::326.html\">hervorragende Yoyos<\/a> baut und verkauft) zeigt ihn diesem Video den &#8222;Bind&#8220;, also <em>den<\/em> Trick, um Yoyos ohne Response wieder zur Hand zur\u00fcck zu bekommen:<br \/>\n<iframe loading=\"lazy\" title=\"iYoYo.de Podcast - Folge 003 - Der Bind: wie man das YoYo zur Hand zur\u00fcck holt\" width=\"980\" height=\"551\" src=\"https:\/\/www.youtube.com\/embed\/qpJKISVLg18?start=66&#038;feature=oembed\" frameborder=\"0\" allow=\"accelerometer; autoplay; encrypted-media; gyroscope; picture-in-picture\" allowfullscreen><\/iframe><\/p>\n","protected":false},"excerpt":{"rendered":"<p>To bind &#8211; or not to bind Gerade f\u00fcr Einsteiger sind die Bezeichnungen nicht ganz \u00fcbersichtlich. Um Fehlk\u00e4ufe zu vermeiden, hier eine Erkl\u00e4rung in aller K\u00fcrze. Alle hier angebotenen Yoyos haben Freilauf. Wenn du sie also richtig nach unten wirfst, drehen sie dort ziemlich lange weiter. Die Unterschiede liegen in der Art des Wieder-nach-oben-Kommens: Responsive [&hellip;]<\/p>\n","protected":false},"author":1,"featured_media":0,"parent":0,"menu_order":0,"comment_status":"closed","ping_status":"closed","template":"","meta":{"footnotes":""},"_links":{"self":[{"href":"https:\/\/kuetzberg.net\/wordpress\/wp-json\/wp\/v2\/pages\/620"}],"collection":[{"href":"https:\/\/kuetzberg.net\/wordpress\/wp-json\/wp\/v2\/pages"}],"about":[{"href":"https:\/\/kuetzberg.net\/wordpress\/wp-json\/wp\/v2\/types\/page"}],"author":[{"embeddable":true,"href":"https:\/\/kuetzberg.net\/wordpress\/wp-json\/wp\/v2\/users\/1"}],"replies":[{"embeddable":true,"href":"https:\/\/kuetzberg.net\/wordpress\/wp-json\/wp\/v2\/comments?post=620"}],"version-history":[{"count":12,"href":"https:\/\/kuetzberg.net\/wordpress\/wp-json\/wp\/v2\/pages\/620\/revisions"}],"predecessor-version":[{"id":1352,"href":"https:\/\/kuetzberg.net\/wordpress\/wp-json\/wp\/v2\/pages\/620\/revisions\/1352"}],"wp:attachment":[{"href":"https:\/\/kuetzberg.net\/wordpress\/wp-json\/wp\/v2\/media?parent=620"}],"curies":[{"name":"wp","href":"https:\/\/api.w.org\/{rel}","templated":true}]}}